{"id":15,"date":"2015-10-21T10:08:09","date_gmt":"2015-10-21T10:08:09","guid":{"rendered":"http:\/\/naki.prf.cuni.cz\/?page_id=15"},"modified":"2024-02-04T02:19:43","modified_gmt":"2024-02-04T01:19:43","slug":"projektovy-tym","status":"publish","type":"page","link":"https:\/\/naki.prf.cuni.cz\/?page_id=15","title":{"rendered":"Projektov\u00fd t\u00fdm"},"content":{"rendered":"<p><strong>HLAVN\u00cd \u0158E\u0160ITEL PROJEKTU<\/strong><br \/>\nprof. JUDr. Jan Kukl\u00edk, DrSc.<\/p>\n<p><strong>TAJEMN\u00cdK PROJEKTU<\/strong><br \/>\nJUDr. PhDr. Ren\u00e9 Petr\u00e1\u0161, Ph.D.<\/p>\n<p>Slo\u017een\u00ed projekt\u016f NAKI a NAKI II na PFUK veden\u00fdch prof. Kukl\u00edkem pro\u0161lo \u0159adou zm\u011bn, ale alespo\u0148 kl\u00ed\u010dov\u00ed zapojen\u00ed odborn\u00edci jsou zde uvedeni.<\/p>\n<p>prof. JUDr. PhDr. Karolina Adamov\u00e1<br \/>\ndoc. JUDr. Petr B\u011blovsk\u00fd, Dr.<br \/>\nprof. JUDr. Karel Beran, Ph.D.<br \/>\ndoc. PhDr. Marta Chrom\u00e1, Ph.D.<br \/>\ndoc. JUDr. Helena Hofmannov\u00e1, Ph.D.<br \/>\nMgr. V\u011bra Honuskov\u00e1, Ph.D.<br \/>\nJUDr. Ji\u0159\u00ed H\u0159ebejk<br \/>\nprof. JUDr. Ji\u0159\u00ed Jel\u00ednek, CSc.<br \/>\ndoc. JUDr. Vladim\u00edr Kindl<br \/>\nMgr. David Kryska, Ph.D.<br \/>\ndoc. JUDr. Hana Markov\u00e1, CSc.<br \/>\ndoc. JUDr. PhDr. Pavel Mar\u0161\u00e1lek, Ph.D.<br \/>\nJUDr. PhDr. Ren\u00e9 Petr\u00e1\u0161, Ph.D.\u00a0 <a href=\"https:\/\/naki.prf.cuni.cz\/?page_id=134\">CV<\/a><br \/>\nIng. Stanislav Pot\u011b\u0161il<br \/>\ndoc. Mag. phil. Dr. iur. Harald Scheu, Ph.D.<br \/>\nJUDr. Petra Sk\u0159ejpkov\u00e1, Ph.D.<br \/>\ndoc. JUDr. Ladislav Soukup, CSc.<br \/>\nJUDr. Ji\u0159\u00ed \u0160ou\u0161a ml., Ph.D.<br \/>\ndoc. JUDr. V\u011bra \u0160tangov\u00e1, CSc.<br \/>\ndoc. JUDr. Martin \u0160tefko, Ph.D.<br \/>\nprof. JUDr. Pavel \u0160turma, DrSc.<br \/>\nJUDr. Mgr. Michal Urban<br \/>\nJUDr. Katarzyna \u017d\u00e1k Krzy\u017eankov\u00e1, Ph.D.<\/p>\n<p><strong>N\u011aKTE\u0158\u00cd EXTERN\u00cd SPOLUPRACOVN\u00cdCI:<\/strong><br \/>\nThDr. Pavla Damohorsk\u00e1, Th.D.<br \/>\nMgr. Kate\u0159ina D\u011bkanovsk\u00e1, Ph.D.<br \/>\nJUDr. Monika Forejtov\u00e1, Ph.D.<br \/>\nProf. Dr. Iv\u00e1n Hal\u00e1sz, Ph.D.<br \/>\nDoc. PhDr. Du\u0161an Jan\u00e1k, Ph.D.<br \/>\nPhDr. Du\u0161an Jan\u00e1k ml., Ph.D.<br \/>\nDr. Ladislav Jouza<\/p>\n<p>PhDr. Miroslava Jouzov\u00e1, Ph.D.<\/p>\n<p>Mgr. Jakub K\u0159\u00ed\u017e, Ph.D.<br \/>\nMgr. Katar\u00edna Kukanov\u00e1, Ph.D.<br \/>\nDoc. JUDr. Klaudia Marczyov\u00e1, Ph.D.<br \/>\nMgr. Zden\u011bk Maza\u010d<br \/>\nDoc. PhDr. Jan N\u011bme\u010dek, DrSc.<br \/>\nMgr. Luk\u00e1\u0161 Novotn\u00fd, MA, Ph.D.<br \/>\nProf. PhDr. Nina Pavel\u010d\u00edkov\u00e1, CSc.<br \/>\nDoc. PhDr. Blanka Soukupov\u00e1, CSc.<br \/>\nPhDr. Andrej Sulitka, CSc.<br \/>\nDr. Jaroslaw Sulkowski, Ph.D.<br \/>\nDoc. Mgr. Jaroslav \u0160ebek, Ph.D.<br \/>\nProf. Jind\u0159ich \u0160treit, Dr.h.c.<br \/>\nProf. PaeDr. \u0160tefan \u0160utaj, CSc.<br \/>\n\u0160tefan Ti\u0161er<br \/>\nDr. iur. Karin Traunm\u00fcller<br \/>\nPhDr. Zden\u011bk Uherek, CSc.<br \/>\nBc. Nicole Uhl\u00edkov\u00e1<br \/>\nMgr. S\u00e1ra Valachov\u00e1<br \/>\nJUDr. Jaroslav V\u011btrovsk\u00fd, Ph.D.<br \/>\nAss.prof. Dr. iur. Wolfgang Wieshaider, Ph.D.<\/p>\n","protected":false},"excerpt":{"rendered":"<p>HLAVN\u00cd \u0158E\u0160ITEL PROJEKTU prof. JUDr. Jan Kukl\u00edk, DrSc. TAJEMN\u00cdK PROJEKTU JUDr. PhDr. Ren\u00e9 Petr\u00e1\u0161, Ph.D. Slo\u017een\u00ed projekt\u016f NAKI a NAKI<\/p>\n","protected":false},"author":1,"featured_media":0,"parent":0,"menu_order":0,"comment_status":"closed","ping_status":"closed","template":"","meta":{"footnotes":""},"class_list":["post-15","page","type-page","status-publish","hentry"],"_links":{"self":[{"href":"https:\/\/naki.prf.cuni.cz\/index.php?rest_route=\/wp\/v2\/pages\/15","targetHints":{"allow":["GET"]}}],"collection":[{"href":"https:\/\/naki.prf.cuni.cz\/index.php?rest_route=\/wp\/v2\/pages"}],"about":[{"href":"https:\/\/naki.prf.cuni.cz\/index.php?rest_route=\/wp\/v2\/types\/page"}],"author":[{"embeddable":true,"href":"https:\/\/naki.prf.cuni.cz\/index.php?rest_route=\/wp\/v2\/users\/1"}],"replies":[{"embeddable":true,"href":"https:\/\/naki.prf.cuni.cz\/index.php?rest_route=%2Fwp%2Fv2%2Fcomments&post=15"}],"version-history":[{"count":8,"href":"https:\/\/naki.prf.cuni.cz\/index.php?rest_route=\/wp\/v2\/pages\/15\/revisions"}],"predecessor-version":[{"id":393,"href":"https:\/\/naki.prf.cuni.cz\/index.php?rest_route=\/wp\/v2\/pages\/15\/revisions\/393"}],"wp:attachment":[{"href":"https:\/\/naki.prf.cuni.cz\/index.php?rest_route=%2Fwp%2Fv2%2Fmedia&parent=15"}],"curies":[{"name":"wp","href":"https:\/\/api.w.org\/{rel}","templated":true}]}}