{"id":138,"date":"2015-11-24T16:12:52","date_gmt":"2015-11-24T14:12:52","guid":{"rendered":"http:\/\/naki.prf.cuni.cz\/?page_id=138"},"modified":"2024-02-04T02:17:20","modified_gmt":"2024-02-04T01:17:20","slug":"metodiky","status":"publish","type":"page","link":"https:\/\/naki.prf.cuni.cz\/?page_id=138","title":{"rendered":"Metodiky"},"content":{"rendered":"<p style=\"text-align: justify;\">V r\u00e1mci projektu NAKI Probl\u00e9my pr\u00e1vn\u00edho postaven\u00ed men\u0161in\u00a0v praxi a jejich dlouhodob\u00fd v\u00fdvoj vznikla na PFUK i \u0159ada praktick\u00fdch p\u0159\u00edru\u010dek, tedy certifikovan\u00fdch metodik, kter\u00e9 je mo\u017en\u00e9 <strong>po zaevidov\u00e1n\u00ed<\/strong> <span style=\"text-decoration: underline;\"><span style=\"color: #333399;\"><a style=\"color: #333399; text-decoration: underline;\" href=\"https:\/\/naki.prf.cuni.cz\/?page_id=144\">zde<\/a><\/span><\/span> <strong>zdarma vyu\u017e\u00edvat<\/strong>:<\/p>\n<h2>Seznam metodik<\/h2>\n<p>Petr\u00e1\u0161, Ren\u00e9, JUDr. PhDr., Ph.D. \u2013 Jouza, Ladislav, Dr. \u2013 \u010cerve\u0148\u00e1kov\u00e1, Anna, Mgr.<\/p>\n<p><strong style=\"font-style: inherit;\">Pr\u00e1vn\u00ed vymezen\u00ed men\u0161in a jejich definice v praxi ve\u0159ejn\u00e9 spr\u00e1vy<\/strong><\/p>\n<p>certifikace Ministerstvo vnitra \u010cR, odbor bezpe\u010dnostn\u00edho v\u00fdzkumu a policejn\u00edho vzd\u011bl\u00e1v\u00e1n\u00ed<\/p>\n<p>\u010cerve\u0148\u00e1kov\u00e1, Anna, Mgr. &#8211; Petr\u00e1\u0161, Ren\u00e9, JUDr. PhDr., Ph.D.<\/p>\n<p><strong style=\"font-style: inherit;\">Pr\u00e1vn\u00ed postaven\u00ed Rom\u016f a \u010dinnost ve\u0159ejn\u00e9 spr\u00e1vy<\/strong><\/p>\n<p>certifikace Ministerstvo vnitra \u010cR, odbor bezpe\u010dnostn\u00edho v\u00fdzkumu a policejn\u00edho vzd\u011bl\u00e1v\u00e1n\u00ed<\/p>\n<p>Jan\u00e1k, Du\u0161an ml. \u2013 Pil\u00e1t, Miroslav a kol. (Slezsk\u00e1 univerzita)<\/p>\n<p><strong>Metodika v\u00fdzkumu mikroregionu s men\u0161inovou problematikou<\/strong><\/p>\n<p>certifikovalo Ministerstvo vnitra \u010cR, odbor bezpe\u010dnostn\u00edho v\u00fdzkumu a policejn\u00edho vzd\u011bl\u00e1v\u00e1n\u00ed \u010d.j. MV-207186-6\/OBVV-2021 dne 17.12.2021<\/p>\n<p>Scheu, Harald, Doc. Dr iur. Mag. phil., Ph.D. \u2013 Petr\u00e1\u0161, Ren\u00e9, JUDr. PhDr., Ph.D. &#8211; V\u00ed\u0161ek, Ji\u0159\u00ed, Mgr., Ph.D.<\/p>\n<p><strong>Metodika ke vzd\u011bl\u00e1v\u00e1n\u00ed policist\u016f v ot\u00e1zk\u00e1ch postaven\u00ed a pr\u00e1v men\u0161in<\/strong><\/p>\n<p>certifikovalo Ministerstvo vnitra \u010cR, odbor bezpe\u010dnostn\u00edho v\u00fdzkumu a policejn\u00edho vzd\u011bl\u00e1v\u00e1n\u00ed \u010d.j. MV-207186-5\/OBVV-2021 dne 17.12.2021<\/p>\n<p>Scheu, Harald, Doc. Dr iur. Mag. phil., Ph.D. \u2013 Petr\u00e1\u0161, Ren\u00e9, JUDr. PhDr., Ph.D. &#8211; V\u00ed\u0161ek, Ji\u0159\u00ed, Mgr., Ph.D.<\/p>\n<p><strong>Metodika k pr\u00e1vn\u00edmu postaven\u00ed men\u0161in a \u010dinnosti policie<\/strong><\/p>\n<p>certifikovalo Ministerstvo vnitra \u010cR, odbor bezpe\u010dnostn\u00edho v\u00fdzkumu a policejn\u00edho vzd\u011bl\u00e1v\u00e1n\u00ed \u010d.j. MV-207186-2\/OBVV-2021 dne 17.12.2021<\/p>\n<p>Scheu, Harald, Doc. Dr iur. Mag. phil., Ph.D. \u2013 Petr\u00e1\u0161, Ren\u00e9, JUDr. PhDr., Ph.D. \u2013 Peterka, Bohumil, Mgr. et Mgr.<\/p>\n<p><strong>Metodika spolupr\u00e1ce ve\u0159ejn\u00e9 spr\u00e1vy, policie, nevl\u00e1dn\u00edch organizac\u00ed v ot\u00e1zk\u00e1ch pr\u00e1v men\u0161in<\/strong><\/p>\n<p>certifikovalo Ministerstvo vnitra \u010cR, odbor bezpe\u010dnostn\u00edho v\u00fdzkumu a policejn\u00edho vzd\u011bl\u00e1v\u00e1n\u00ed \u010d.j. MV-207186-4\/OBVV-2021 dne 17.12.2021<\/p>\n<p>Scheu, Harald, Doc. Dr iur. Mag. phil., Ph.D. \u2013 Petr\u00e1\u0161, Ren\u00e9, JUDr. PhDr., Ph.D. \u2013 Peterka, Bohumil, Mgr. et Mgr.<\/p>\n<p><strong>Metodika k pr\u00e1vn\u00edmu postaven\u00ed nov\u00fdch n\u00e1rodnostn\u00edch a n\u00e1bo\u017eensk\u00fdch men\u0161in v \u010dinnosti spr\u00e1vy<\/strong><\/p>\n<p>certifikovalo Ministerstvo vnitra \u010cR, odbor bezpe\u010dnostn\u00edho v\u00fdzkumu a policejn\u00edho vzd\u011bl\u00e1v\u00e1n\u00ed \u010d.j. MV-207186-3\/OBVV-2021 dne 17.12.2021<\/p>\n<p>V\u00ed\u0161ek, Ji\u0159\u00ed, Mgr., Ph.D. &#8211; Scheu, Harald, Doc. Dr iur. Mag. phil., Ph.D. &#8211; Petr\u00e1\u0161, Ren\u00e9, JUDr. PhDr., Ph.D.<\/p>\n<p><strong>Metodika k v\u00fduce pr\u00e1v men\u0161in na vysok\u00fdch \u0161kol\u00e1ch zam\u011b\u0159en\u00fdch na ve\u0159ejnou spr\u00e1vu a policii<\/strong><\/p>\n<p>certifikovalo Ministerstvo vnitra \u010cR, odbor bezpe\u010dnostn\u00edho v\u00fdzkumu a policejn\u00edho vzd\u011bl\u00e1v\u00e1n\u00ed \u010d.j. MV-1852-4\/OBVV-2021 dne 6.1.2021<\/p>\n<p>V\u00ed\u0161ek, Ji\u0159\u00ed, Mgr., Ph.D. &#8211; Petr\u00e1\u0161, Ren\u00e9, JUDr. PhDr., Ph.D.<\/p>\n<p><strong>Metodika k v\u00fduce pr\u00e1v men\u0161in na st\u0159edn\u00edch \u0161kol\u00e1ch zam\u011b\u0159en\u00fdch na ve\u0159ejnou spr\u00e1vu a policii<\/strong><\/p>\n<p>certifikovalo Ministerstvo vnitra \u010cR, odbor bezpe\u010dnostn\u00edho v\u00fdzkumu a policejn\u00edho vzd\u011bl\u00e1v\u00e1n\u00ed \u010d.j. MV-1744-4\/OBVV-2021 dne 6.1.2021<\/p>\n<p>Urban, Michal, JUDr. Mgr., Ph.D. \u00a0\u2013 Friedel, Tom\u00e1\u0161, Mgr.<\/p>\n<p><strong>Jak u\u010dit o pr\u00e1vech men\u0161in<\/strong><\/p>\n<p>certifikovalo Ministerstvo vnitra \u010cR, odbor bezpe\u010dnostn\u00edho v\u00fdzkumu a policejn\u00edho vzd\u011bl\u00e1v\u00e1n\u00ed \u010d.j. MV-165066-3\/OBV-2015 dne 10.11.2015<\/p>\n<p>Urban, Michal, JUDr. Mgr., Ph.D. \u2013 Friedel, Tom\u00e1\u0161, Mgr.<\/p>\n<p><strong>Jak u\u010dit o lidsk\u00fdch pr\u00e1vech<\/strong><\/p>\n<p>certifikovalo Ministerstvo vnitra \u010cR, odbor bezpe\u010dnostn\u00edho v\u00fdzkumu a policejn\u00edho vzd\u011bl\u00e1v\u00e1n\u00ed \u010d.j. MV-165060-3\/OBV-2015 dne 10.11.2015<\/p>\n<p>\u0160tefko, Martin, Doc. JUDr., Ph.D.<\/p>\n<p><strong>Zam\u011bstn\u00e1v\u00e1n\u00ed cizinc\u016f, ob\u010dan\u016f z\u00a0t\u0159et\u00edch st\u00e1t\u016f \u2013 z\u00e1kladn\u00ed informace<\/strong><\/p>\n<p>certifikovalo Ministerstvo vnitra \u010cR, odbor bezpe\u010dnostn\u00edho v\u00fdzkumu a policejn\u00edho vzd\u011bl\u00e1v\u00e1n\u00ed \u010d.j. MV-165099-3\/OBV-2015 dne 10.11.2015<\/p>\n<p>\u0160tefko, Martin, Doc. JUDr., Ph.D.<\/p>\n<p><strong>Ochrana zam\u011bstnanc\u016f p\u0159ed diskriminac\u00ed z\u00a0d\u016fvodu rasy<\/strong><\/p>\n<p>certifikovalo Ministerstvo vnitra \u010cR, odbor bezpe\u010dnostn\u00edho v\u00fdzkumu a policejn\u00edho vzd\u011bl\u00e1v\u00e1n\u00ed \u010d.j. MV-165103-3\/OBV-2015 dne 10.11.2015<\/p>\n<p>Po\u0161\u00edkov\u00e1, Lenka, Mgr. \u2013 Jel\u00ednek, Ji\u0159\u00ed, Prof. JUDr., CSc.<\/p>\n<p><strong>Pr\u016fvodce po trestn\u00edm \u0159\u00edzen\u00ed (se zam\u011b\u0159en\u00edm na p\u0159\u00edslu\u0161n\u00edky men\u0161in)<\/strong><\/p>\n<p>certifikovalo Ministerstvo vnitra \u010cR, odbor bezpe\u010dnostn\u00edho v\u00fdzkumu a policejn\u00edho vzd\u011bl\u00e1v\u00e1n\u00ed \u010d.j. MV-165093-3\/OBV-2015 dne 10.11.2015<\/p>\n<p>Po\u0161\u00edkov\u00e1, Lenka, Mgr. \u2013 Jel\u00ednek, Ji\u0159\u00ed, Prof. JUDr., CSc.<\/p>\n<p><strong>Pr\u016fvodce trestn\u00edm \u0159\u00edzen\u00edm (se zam\u011b\u0159en\u00edm na p\u0159\u00edslu\u0161n\u00edky men\u0161in) \u2013 P\u0159ehled vybran\u00fdch trestn\u00fdch \u010din\u016f<\/strong><\/p>\n<p>certifikovalo Ministerstvo vnitra \u010cR, odbor bezpe\u010dnostn\u00edho v\u00fdzkumu a policejn\u00edho vzd\u011bl\u00e1v\u00e1n\u00ed \u010d.j. MV-165095-3\/OBV-2015 dne 10.11.2015<\/p>\n<p>Petr\u00e1\u0161, Ren\u00e9, JUDr. PhDr., Ph.D. &#8211; Scheu, Harald, Doc. Dr iur. Mag. phil., Ph.D. &#8211;\u00a0 Uhl\u00edkov\u00e1, Nicole, Bc.<\/p>\n<p><strong>Pr\u00e1va men\u0161in a Evropsk\u00e1 unie &#8211; z\u00e1kladn\u00ed informace<\/strong><\/p>\n<p>certifikovalo Ministerstvo vnitra \u010cR, odbor bezpe\u010dnostn\u00edho v\u00fdzkumu a policejn\u00edho vzd\u011bl\u00e1v\u00e1n\u00ed \u010d.j. MV-165112-3\/OBV-2015 dne 10.11.2015<\/p>\n<p>Markov\u00e1, Hana, Prof. JUDr., CSc.<\/p>\n<p><strong>Vybran\u00e9 ot\u00e1zky finan\u010dn\u011b pr\u00e1vn\u00edch vztah\u016f ve vztahu k cizinc\u016fm a men\u0161in\u00e1m\u00a0 &#8211; z\u00e1kladn\u00ed informace<\/strong><\/p>\n<p>certifikovalo Ministerstvo vnitra \u010cR, odbor bezpe\u010dnostn\u00edho v\u00fdzkumu a policejn\u00edho vzd\u011bl\u00e1v\u00e1n\u00ed \u010d.j. MV-165107-3\/OBV-2015 dne 10.11.2015<\/p>\n<p>H\u0159ebejk, Ji\u0159\u00ed, JUDr.<\/p>\n<p><strong>Men\u0161iny a volby<\/strong><\/p>\n<p>certifikovalo Ministerstvo vnitra \u010cR, odbor bezpe\u010dnostn\u00edho v\u00fdzkumu a policejn\u00edho vzd\u011bl\u00e1v\u00e1n\u00ed \u010d.j. MV-186098-3\/OBVV-2015 dne 21.12.2015<\/p>\n<p>Honuskov\u00e1, V\u011bra, JUDr. Ph.D. \u2013 Hol\u00e1, Eva, Mgr.<\/p>\n<p><strong>Jsem (skoro)\u010cech: t\u00fdk\u00e1 se m\u011b spr\u00e1vn\u00ed \u0159\u00edzen\u00ed a pracovn\u00ed pr\u00e1vo?<\/strong><\/p>\n<p>certifikovalo Ministerstvo vnitra \u010cR, odbor bezpe\u010dnostn\u00edho v\u00fdzkumu a policejn\u00edho vzd\u011bl\u00e1v\u00e1n\u00ed \u010d.j. MV-186099-3\/OBVV-2015 dne 21.12.2015<\/p>\n<p>Honuskov\u00e1, V\u011bra, JUDr. Ph.D. \u2013 Hol\u00e1, Eva, Mgr. \u2013 Cilli, Michala, Mgr.<\/p>\n<p><strong>Jsem (skoro)\u010cech: m\u00e1m lidsk\u00e1 pr\u00e1va? <\/strong>antidiskrimina\u010dn\u00ed pr\u00e1vo, mo\u017enosti ochrany lidsk\u00fdch pr\u00e1v<\/p>\n<p>certifikovalo Ministerstvo vnitra \u010cR, odbor bezpe\u010dnostn\u00edho v\u00fdzkumu a policejn\u00edho vzd\u011bl\u00e1v\u00e1n\u00ed \u010d.j. MV-186090-3\/OBVV-2015 dne 21.12.2015<\/p>\n","protected":false},"excerpt":{"rendered":"<p>V r\u00e1mci projektu NAKI Probl\u00e9my pr\u00e1vn\u00edho postaven\u00ed men\u0161in\u00a0v praxi a jejich dlouhodob\u00fd v\u00fdvoj vznikla na PFUK i \u0159ada praktick\u00fdch p\u0159\u00edru\u010dek,<\/p>\n","protected":false},"author":1,"featured_media":0,"parent":0,"menu_order":0,"comment_status":"closed","ping_status":"closed","template":"","meta":{"footnotes":""},"class_list":["post-138","page","type-page","status-publish","hentry"],"_links":{"self":[{"href":"https:\/\/naki.prf.cuni.cz\/index.php?rest_route=\/wp\/v2\/pages\/138","targetHints":{"allow":["GET"]}}],"collection":[{"href":"https:\/\/naki.prf.cuni.cz\/index.php?rest_route=\/wp\/v2\/pages"}],"about":[{"href":"https:\/\/naki.prf.cuni.cz\/index.php?rest_route=\/wp\/v2\/types\/page"}],"author":[{"embeddable":true,"href":"https:\/\/naki.prf.cuni.cz\/index.php?rest_route=\/wp\/v2\/users\/1"}],"replies":[{"embeddable":true,"href":"https:\/\/naki.prf.cuni.cz\/index.php?rest_route=%2Fwp%2Fv2%2Fcomments&post=138"}],"version-history":[{"count":12,"href":"https:\/\/naki.prf.cuni.cz\/index.php?rest_route=\/wp\/v2\/pages\/138\/revisions"}],"predecessor-version":[{"id":392,"href":"https:\/\/naki.prf.cuni.cz\/index.php?rest_route=\/wp\/v2\/pages\/138\/revisions\/392"}],"wp:attachment":[{"href":"https:\/\/naki.prf.cuni.cz\/index.php?rest_route=%2Fwp%2Fv2%2Fmedia&parent=138"}],"curies":[{"name":"wp","href":"https:\/\/api.w.org\/{rel}","templated":true}]}}