{"id":134,"date":"2015-11-19T17:07:55","date_gmt":"2015-11-19T15:07:55","guid":{"rendered":"http:\/\/naki.prf.cuni.cz\/?page_id=134"},"modified":"2015-11-19T17:07:55","modified_gmt":"2015-11-19T15:07:55","slug":"cv-petras","status":"publish","type":"page","link":"https:\/\/naki.prf.cuni.cz\/?page_id=134","title":{"rendered":"CV Petr\u00e1\u0161"},"content":{"rendered":"<p style=\"text-align: justify;\"><strong>JUDr. PhDr. Ren\u00e9 Petr\u00e1\u0161, Ph.D.<\/strong> (narozen 1974) od roku 2000 p\u016fsob\u00ed na \u00dastavu pr\u00e1vn\u00edch d\u011bjin Pr\u00e1vnick\u00e9 fakulty Univerzity Karlovy. Absolvoval studia pr\u00e1v (summa cum laude) na Pr\u00e1vnick\u00e9 fakult\u011b UK (v\u010detn\u011b postgradu\u00e1ln\u00edho studia ukon\u010den\u00e9ho v\u00a0roce 2002) a historie (summa cum laude) na Filosofick\u00e9 fakult\u011b UK.<\/p>\n<p style=\"text-align: justify;\">Specializuje se na n\u011bkter\u00e9 ot\u00e1zky v\u00fdvoje ve\u0159ejn\u00e9 spr\u00e1vy a mezin\u00e1rodn\u00edch organizac\u00ed (nap\u0159. s\u00a0Janem Kukl\u00edkem kniha Nadn\u00e1rodn\u00ed integrace v\u00a0Evrop\u011b, 2007), zpracoval \u0159adu p\u0159ehled\u016f pr\u00e1vn\u011bhistorick\u00e9ho v\u00fdzkumu (nap\u0159. kniha Pr\u00e1vn\u011bhistorick\u00e1 bibliografie, 2005), jako jeden z\u00a0m\u00e1la \u010desk\u00fdch pr\u00e1vn\u00edk\u016f publikuje o pr\u00e1vn\u00ed \u00faprav\u011b cestovn\u00edho ruchu (nap\u0159. kniha Pr\u00e1vo a cestovn\u00ed ruch, 2013). P\u0159edev\u0161\u00edm se v\u0161ak v\u011bnuje v\u00fdvoji pr\u00e1vn\u00edho postaven\u00ed n\u00e1rodnostn\u00edch men\u0161in v\u00a0\u010desk\u00fdch zem\u00edch ve dvac\u00e1t\u00e9m stolet\u00ed.<\/p>\n<p style=\"text-align: justify;\">\n<p style=\"text-align: justify;\">Autor v\u00edce ne\u017e 150 publikac\u00ed v\u00a0\u010de\u0161tin\u011b ale i n\u011bm\u010din\u011b, angli\u010dtin\u011b, francouz\u0161tin\u011b, ru\u0161tin\u011b.<\/p>\n<p style=\"text-align: justify;\">\n<p style=\"text-align: justify;\">Bydli\u0161t\u011b Kutn\u00e1 Hora, email petras@prf.cuni.cz<\/p>\n<p style=\"text-align: justify;\">\n<p style=\"text-align: justify;\">\n<p style=\"text-align: justify;\"><strong>JUDr.PhDr. Ren\u00e9 Petr\u00e1\u0161,Ph.D. \u2013 V\u00fdb\u011br z\u00a0publikac\u00ed (pouze) k\u00a0ot\u00e1zce men\u0161in<\/strong><\/p>\n<p style=\"text-align: justify;\"><strong>\u00a0<\/strong><\/p>\n<p style=\"text-align: justify;\"><strong>Knihy:<\/strong><\/p>\n<p style=\"text-align: justify;\">&#8211; \u201eMen\u0161iny v\u00a0meziv\u00e1le\u010dn\u00e9m \u010ceskoslovensku \/ Pr\u00e1vn\u00ed postaven\u00ed n\u00e1rodnostn\u00edch men\u0161in v prvn\u00ed \u010deskoslovensk\u00e9 republice a jejich mezin\u00e1rodn\u011bpr\u00e1vn\u00ed ochrana\u201c, Praha, Karolinum 2009, 437 stran<\/p>\n<p style=\"text-align: justify;\">&#8211; \u201eMen\u0161iny v\u00a0komunistick\u00e9m \u010ceskoslovensku \/ Pr\u00e1vn\u00ed a faktick\u00e9 postaven\u00ed n\u00e1rodnostn\u00edch men\u0161in v\u00a0\u010desk\u00fdch zem\u00edch v\u00a0letech 1948-1970\u201c, Praha, VIP &#8211; Eurolex Bohemia 2007, 490 stran<\/p>\n<p style=\"text-align: justify;\">&#8211; \u201eMen\u0161iny a pr\u00e1vo v\u00a0\u010cesk\u00e9 republice\u201c, Praha, Auditorium 2009, 507 stran (kolektivn\u00ed monografie \u2013 hlavn\u00ed autor a editor)<\/p>\n<p style=\"text-align: justify;\">&#8211; \u201eCizinci ve vlastn\u00ed zemi. Men\u0161inov\u00e9 konflikty v\u00a0modern\u00ed Evrop\u011b\u201c, Praha, Auditorium 2012, 256 stran<\/p>\n<p style=\"text-align: justify;\">&#8211; \u201eAktu\u00e1ln\u00ed probl\u00e9my pr\u00e1vn\u00edho postaven\u00ed men\u0161in v\u00a0\u010cesk\u00e9 republice \/ Sborn\u00edk p\u0159\u00edsp\u011bvk\u016f z\u00a0odborn\u00e9ho semin\u00e1\u0159e Men\u0161iny a pr\u00e1vo v\u00a0\u010cesk\u00e9 republice\u201c, Praha, \u00da\u0159ad vl\u00e1dy 2010 (hlavn\u00ed autor a editor)<\/p>\n<p style=\"text-align: justify;\">&#8211; \u201eJak od\u0161kodnit holocaust? Problematika vyvlastn\u011bn\u00ed \u017eidovsk\u00e9ho majetku, jeho restituce a od\u0161kodn\u011bn\u00ed\u201c (Kukl\u00edk a kol., spoluautor), Praha, Karolinum 2015, 758 stran<\/p>\n<p style=\"text-align: justify;\">&#8211; \u201eRozum\u011bt d\u011bjin\u00e1m. V\u00fdvoj \u010desko-n\u011bmeck\u00fdch vztah\u016f na na\u0161em \u00fazem\u00ed v\u00a0letech 1848-1948\u201c (spoluautor), Praha, Gallery 2002\u00a0\u00a0\u00a0\u00a0\u00a0\u00a0\u00a0\u00a0\u00a0\u00a0\u00a0\u00a0\u00a0\u00a0\u00a0\u00a0\u00a0\u00a0\u00a0\u00a0\u00a0\u00a0\u00a0\u00a0\u00a0\u00a0 druh\u00e9 vyd\u00e1n\u00ed 2003<\/p>\n<p style=\"text-align: justify;\">&#8211; \u201eGeschichte verstehen. Die Entwicklung der deutsch-tschechischen Beziehungen in den b\u00f6hmischen L\u00e4ndern 1848-1948\u201c (spoluautor), Prag, Gallery 2002 (vy\u0161lo 2003)<\/p>\n<p style=\"text-align: justify;\">&#8211; \u201ePour comprende l\u00b4histoire. Les relations tch\u00e9co-allemandes entre 1848 et 1948\u201c (spoluautor), Prague, Gallery 2002 (vy\u0161lo 2003)<\/p>\n<p style=\"text-align: justify;\">&#8211; \u201eFacing History. The evolution of Czech-German relations in the Czech provinces, 1848-1948\u201c (spoluautor), Prague, Gallery 2002 (vy\u0161lo 2003)<\/p>\n<p style=\"text-align: justify;\">&#8211; \u201eRozum\u011bt d\u011bjin\u00e1m. V\u00fdvoj \u010desko-n\u011bmeck\u00fdch vztah\u016f na na\u0161em \u00fazem\u00ed v\u00a0letech 1848-1948\u201c (spoluautor), Praha, Gallery 2002 (vy\u0161lo 2003), vyd. 2.opr.<\/p>\n<p style=\"text-align: justify;\">&#8211; \u201eJak od\u0161kodnit holocaust?\u201c (spoluautor), Praha, Karolinum 2014 (vyjde \u00fanor 2015), 748 stran (v tisku)<\/p>\n<p style=\"text-align: justify;\">\n<p style=\"text-align: justify;\">&#8211; \u201eN\u00e1rodnostn\u00ed ot\u00e1zka v\u00a0\u0161edes\u00e1t\u00fdch letech\u201c (Ren\u00e9 Petr\u00e1\u0161 \u2013 \u0160tefan \u0160utaj a kol.), Praha, Auditorium 2016, cca 500 stran (dokon\u010dov\u00e1n\u00ed)<\/p>\n<p style=\"text-align: justify;\">&#8211; \u201eMinorities and Law in Czechoslovakia\u201c (Jan Kukl\u00edk \u2013 Ren\u00e9 Petr\u00e1\u0161), Praha, Karolinum 2015, cca 400 stran (dokon\u010dov\u00e1n\u00ed)<\/p>\n<p style=\"text-align: justify;\">\n<p style=\"text-align: justify;\"><strong>Editor:<\/strong><\/p>\n<p style=\"text-align: justify;\">&#8211; Acta Universitatis Carolinae \u2013 Iuridica, Praha, Karolinum 2013 (vy\u0161lo 2014), \u010d. 1, monotematick\u00e9 \u201ePr\u00e1vo a men\u0161iny\u201c (ed. Jan Kukl\u00edk \u2013 Ren\u00e9 Petr\u00e1\u0161), 311 stran<\/p>\n<p style=\"text-align: justify;\">&#8211; Acta Universitatis Carolinae \u2013 Iuridica, Praha, Karolinum 2015, \u010d. 4, monotematick\u00e9 \u201ePr\u00e1vo a men\u0161iny II\u201c (ed. Harald Scheu \u2013 Ren\u00e9 Petr\u00e1\u0161), (v tisku)<\/p>\n<p style=\"text-align: justify;\">\n<p style=\"text-align: justify;\"><strong>N\u011bkter\u00e9 studie a \u010dl\u00e1nky<\/strong> (chronologicky \u0159azeno):<\/p>\n<p style=\"text-align: justify;\">&#8211; \u201eMezin\u00e1rodn\u011bpr\u00e1vn\u00ed ochrana men\u0161in po prvn\u00ed sv\u011btov\u00e9 v\u00e1lce\u201c, Historick\u00fd obzor 11, 2000, s. 31-40<\/p>\n<p style=\"text-align: justify;\">&#8211; \u201eVliv mezin\u00e1rodn\u00edho pr\u00e1va na postaven\u00ed men\u0161in v meziv\u00e1le\u010dn\u00e9m \u010ceskoslovensku\u201c, in: Pocta Zde\u0148ku Jel\u00ednkovi (Pr\u00e1ce muzea v Kol\u00edn\u011b &#8211; \u0158ada spole\u010denskov\u011bdn\u00ed \u010d.7), Kol\u00edn 2001, s. 155-167<\/p>\n<p style=\"text-align: justify;\">&#8211; \u201eReforma spr\u00e1vy a n\u00e1rodn\u00ed ot\u00e1zka na po\u010d\u00e1tku prvn\u00ed republiky\u201c, Historick\u00fd obzor 13, 2002, s. 133-137<\/p>\n<p style=\"text-align: justify;\">&#8211; \u201eK pr\u00e1v\u016fm n\u00e1rodnost\u00ed \u2013 men\u0161in v\u00a0\u010desk\u00fdch zem\u00edch na po\u010d\u00e1tku komunistick\u00e9ho re\u017eimu\u201c, in: Pocta Prof. JUDr. V\u00e1clavu Pavl\u00ed\u010dkovi, CSc. k 70. narozenin\u00e1m, Praha, Linde 2004, s. 140-151<\/p>\n<p style=\"text-align: justify;\">&#8211; \u201eMinderheiten in der Zwischenkriegs-Tschechoslowakei \u2013 ihre rechtliche und faktische Stellung\u201c, Historica \/ Historical Sciences in the Czech Republic 10, 2003 (vy\u0161lo 2004), s. 197-228<\/p>\n<p style=\"text-align: justify;\">&#8211; \u201eMezin\u00e1rodn\u011bpr\u00e1vn\u00ed ochrana men\u0161in\u201c, in: Mnichovsk\u00e1 dohoda \/ cesta k\u00a0destrukci demokracie v\u00a0Evrop\u011b, Munich agreement \/ the way to destruction of democracy in Europe, Praha, Karolinum 2004, s. 363-371<\/p>\n<p style=\"text-align: justify;\">&#8211; \u201eMen\u0161iny v\u00a0\u010ceskoslovensku 1945-1989\u201c, in: V\u00fdvoj pr\u00e1va v\u00a0\u010ceskoslovensku v\u00a0letech 1945-1989, Praha, Karolinum 2004, s. 240-280<\/p>\n<p style=\"text-align: justify;\">&#8211; \u201ePr\u00e1vo a romsk\u00e9 ko\u010dov\u00e1n\u00ed v\u00a0\u010desk\u00fdch zem\u00edch \u2013 historick\u00fd p\u0159ehled\u201c, in: Migrace \u2013 tolerance \u2013 integrace II., Slezsk\u00fd \u00fastav Slezsk\u00e9ho zemsk\u00e9ho muzea v\u00a0Opav\u011b \u2013 Informa\u010dn\u00ed kancel\u00e1\u0159 Rady Evropy v\u00a0Praze 2005, s. 210-219<\/p>\n<p style=\"text-align: justify;\">&#8211; \u201eN\u00e1rodn\u00ed ot\u00e1zka v\u00a0\u010desk\u00fdch zem\u00edch na sklonku monarchie\u201c, in: V\u00fdvoj \u010desk\u00e9 \u00fastavnosti v\u00a0letech 1618-1918 \/ Sborn\u00edk p\u0159\u00edsp\u011bvk\u016f, Praha, Karolinum 2006 (vy\u0161lo 2007), s. 694-740<\/p>\n<p style=\"text-align: justify;\">&#8211; \u201eCik\u00e1nsk\u00e1\/romsk\u00e1 ot\u00e1zka v\u00a0\u010ceskoslovensku na po\u010d\u00e1tku komunistick\u00e9ho re\u017eimu a n\u00e1vaznost na star\u0161\u00ed v\u00fdvoj\u201c, Pr\u00e1vn\u011bhistorick\u00e9 studie 38, 2007, s. 225-247<\/p>\n<p style=\"text-align: justify;\">&#8211; \u201e\u017did\u00e9 a \u017didovsk\u00e1 n\u00e1bo\u017eensk\u00e1 obec v\u00a0Kutn\u00e9 Ho\u0159e v\u00a0letech 1899-1920\u201c, in: \u017did\u00e9 v\u00a0Kol\u00edn\u011b a okol\u00ed (Pr\u00e1ce muzea v Kol\u00edn\u011b &#8211; \u0158ada spole\u010denskov\u011bdn\u00ed \u010d.9), Kol\u00edn 2005 (vy\u0161lo 2007), s. 119-148<\/p>\n<p style=\"text-align: justify;\">&#8211; \u201e\u00dastavn\u00ed zakotven\u00ed pr\u00e1v n\u00e1rodnost\u00ed v\u00a0\u010ceskoslovensku v\u00a0roce 1968 a ma\u010farsk\u00e1 ot\u00e1zka\u201c, in: Ma\u010farsk\u00e1 men\u0161ina na Slovensku v\u00a0procese transform\u00e1cie (Historick\u00e9, politologick\u00e9 a pr\u00e1vne s\u00favislosti), Pre\u0161ov, Universum 2007, s. 32-39<\/p>\n<p style=\"text-align: justify;\">&#8211; \u201ePr\u00e1vo, pr\u00e1vn\u00ed historie a n\u00e1rodnostn\u00ed v\u00fdzkumy v\u00a0\u010cR\u201c, in: Interakce n\u00e1rodnostn\u00edch kultur \/ teoretick\u00e9 a metodologick\u00e9 p\u0159\u00edstupy \/ Sborn\u00edk z\u00a0mezin\u00e1rodn\u00edho v\u011bdeck\u00e9ho semin\u00e1\u0159e konan\u00e9ho ve dnech 25.-26.\u0159\u00edjna 2007 v Opav\u011b, Opava, Slezsk\u00e9 zemsk\u00e9 muzeum \u2013 Slezsk\u00e1 univerzita 2008, s. 55-62<\/p>\n<p style=\"text-align: justify;\">&#8211; \u201e\u00dastavn\u00ed z\u00e1kon \u010d. 144\/1968 Sb. z 27.10.1968, o postaven\u00ed n\u00e1rodnost\u00ed\u201c, in: Pocta J\u00e1nu Gronsk\u00e9mu, Plze\u0148, Ale\u0161 \u010cen\u011bk 2008, s. 86-92<\/p>\n<p style=\"text-align: justify;\">&#8211; \u201eMen\u0161iny \u2013 n\u00e1rodnosti v\u00a0letech 1948-1989\u201c, in: V\u00fdvoj \u010deskoslovensk\u00e9ho pr\u00e1va 1945-1989, Jan Kukl\u00edk a kol., Praha 2008, s. 483-503<\/p>\n<p style=\"text-align: justify;\">&#8211; \u201eMen\u0161iny v\u00a0obdob\u00ed 1946-1948\u201c (spoluautor Jan Kukl\u00edk), in: V\u00fdvoj \u010deskoslovensk\u00e9ho pr\u00e1va 1945-1989, Jan Kukl\u00edk a kol., Praha 2008, s. 97-105<\/p>\n<p style=\"text-align: justify;\">&#8211; \u201eKarel Kram\u00e1\u0159 a prvorepublikov\u00e1 men\u0161inov\u00e1 legislativa\u201c, in: Karel Kram\u00e1\u0159 (1860-1937) \/ \u017divot a d\u00edlo, Praha 2009 (Modern\u00ed d\u011bjiny \u2013 Suplementum 2), s. 474-485<\/p>\n<p style=\"text-align: justify;\">&#8211; \u201eMeziv\u00e1le\u010dn\u00e9 Polsko, \u010ceskoslovensko a mezin\u00e1rodn\u011bpr\u00e1vn\u00ed ochrana men\u0161in, in: \u015awiat, Europa, Ma\u0142a ojczyzna \/ Studia ofiarowane Profesorowi Stanis\u0142awowi Grodziskiemu w 80-lecie urodzin, Bie\u0142sko-Bia\u0142a 2009, s. 853-860<\/p>\n<p style=\"text-align: justify;\">&#8211; \u201eEmil Stodola\u201c, in: Antologie \u010deskoslovensk\u00e9 pr\u00e1vn\u00ed v\u011bdy v\u00a0letech 1918-1939, Praha, Linde 2009, s. 499-506<\/p>\n<p style=\"text-align: justify;\">&#8211; \u201eHeinrich Rauchberg\u201c, in: Antologie \u010deskoslovensk\u00e9 pr\u00e1vn\u00ed v\u011bdy v\u00a0letech 1918-1939, Praha, Linde 2009, s. 481-490<\/p>\n<p style=\"text-align: justify;\">&#8211; \u201e\u00dastavn\u00ed v\u00fdvoj \u010ceskoslovenska 60. let a n\u00e1rodnostn\u00ed ot\u00e1zka\u201c, in: Nov\u00e9 jevy v\u00a0pr\u00e1vu na po\u010d\u00e1tku 21. stolet\u00ed I &#8211; Historick\u00e9 impulzy rozvoje\u00a0pr\u00e1va, Praha, Karolinum 2009, s. 204-229<\/p>\n<p style=\"text-align: justify;\">&#8211; \u201ePr\u00e1va n\u00e1rodnostn\u00edch men\u0161in v\u00a0justi\u010dn\u00ed a spr\u00e1vn\u00ed praxi\u201c, in: \u010ceskoslovensk\u00e9 pr\u00e1vo a pr\u00e1vn\u00ed v\u011bda v\u00a0meziv\u00e1le\u010dn\u00e9m obdob\u00ed (1918-1939) a jejich m\u00edsto ve st\u0159edn\u00ed Evrop\u011b, Praha, Karolinum 2010, s. 485-514<\/p>\n<p style=\"text-align: justify;\">&#8211; \u201eSpecifika pr\u00e1vn\u00edho postaven\u00ed N\u011bmc\u016f na po\u010d\u00e1tku komunistick\u00e9 \u00e9ry\u201c, in: N\u011bmecky mluv\u00edc\u00ed obyvatelstvo v\u00a0\u010ceskoslovensku po roce 1945, Brno 2010, s. 15-32<\/p>\n<p style=\"text-align: justify;\">&#8211; \u201eConstitutional development in Czechoslovakia in the 1960s and problems of ethnicity\u201c, in: Tom\u00e1\u0161ek Michal et al.: Czech Law between Europeanization and Globalization, Prague, Karolinum Press 2010, s. 60-68<\/p>\n<p style=\"text-align: justify;\">&#8211; \u201eMezin\u00e1rodn\u00ed pr\u00e1vo a transfery obyvatelstva po druh\u00e9 sv\u011btov\u00e9 v\u00e1lce\u201c, in: Povojnov\u00e9 migr\u00e1cie a v\u00fdmena obyvate\u013astva medzi \u010ceskoslovenskom a Ma\u010farskom, Pre\u0161ov 2010, s. 36-49<\/p>\n<p style=\"text-align: justify;\">&#8211; \u201eK probl\u00e9m\u016fm pr\u00e1vn\u00ed terminologie v\u00a0n\u00e1rodnostn\u00ed ot\u00e1zce\u201c, in: Povojnov\u00e9 migr\u00e1cie a v\u00fdmena obyvate\u013astva medzi \u010ceskoslovenskom a Ma\u010farskom, Pre\u0161ov 2010, s. 21-30<\/p>\n<p style=\"text-align: justify;\">&#8211; \u201eMigrace a pr\u00e1vn\u00ed postaven\u00ed p\u0159ist\u011bhovalc\u016f v\u00a0\u010desk\u00e9m pr\u00e1vu z\u00a0historick\u00e9 perspektivy\u201c, in: Migrace a kulturn\u00ed konflikty, Praha, Auditorium 2011, editor H.C. Scheu, s. 114-141<\/p>\n<p style=\"text-align: justify;\">&#8211; \u201e\u00dastavn\u00ed syst\u00e9m a pr\u00e1va men\u0161in\u201c, in: \u00dastava 1920 &#8211; Vyvrcholen\u00ed konstituov\u00e1n\u00ed \u010deskoslovensk\u00e9ho st\u00e1tu, Praha, Leges 2011, s. 112-120, 186 (resum\u00e9)<\/p>\n<p style=\"text-align: justify;\">&#8211; \u201eMezin\u00e1rodn\u00ed ochrana men\u0161in v\u00a0teorii a praxi meziv\u00e1le\u010dn\u00e9 Evropy\u201c, in: Zrod nov\u00e9 Evropy \/ Versailles, St.-Germain, Trianon a dotv\u00e1\u0159en\u00ed pov\u00e1le\u010dn\u00e9ho m\u00edrov\u00e9ho syst\u00e9mu, Praha, Historick\u00fd \u00fastav AV 2011, s. 415-424<\/p>\n<p style=\"text-align: justify;\">&#8211; \u201eMezin\u00e1rodn\u011bpr\u00e1vn\u00ed ochrana men\u0161in v\u00a0letech 1919-1939 jako specifick\u00e1 forma integrace\u201c, in: Men\u0161iny a integruj\u00edc\u00ed se Evropa, Kol\u00edn, Nez\u00e1visl\u00e9 centrum pro studium politiky 2009 (vy\u0161lo 2011), s. 337-345<\/p>\n<p style=\"text-align: justify;\">&#8211; \u201eProblematick\u00e1 koncepce pr\u00e1v men\u0161in v\u00a0Listin\u011b z\u00e1kladn\u00edch pr\u00e1v a svobod\u201c, in: Ale\u0161 Gerloch &#8211; Pavel \u0160turma a kol., Ochrana pr\u00e1v a svobod v\u00a0prom\u011bn\u00e1ch pr\u00e1va na po\u010d\u00e1tku 21. stolet\u00ed \/ v\u00a0\u010desk\u00e9m, evropsk\u00e9m a mezin\u00e1rodn\u00edm kontextu, Praha, Auditorium 2011, s. 155-162<\/p>\n<p style=\"text-align: justify;\">&#8211; \u201e\u017didovsk\u00e1 ot\u00e1zka ve V\u0161eobecn\u00e9m ob\u010dansk\u00e9m z\u00e1kon\u00edku\u201c, in: Jan Dvo\u0159\u00e1k &#8211; Karel Mal\u00fd a kol.: 200 let V\u0161eobecn\u00e9ho ob\u010dansk\u00e9ho z\u00e1kon\u00edku, Praha, Wolters Kluwer 2011, s. 359-369<\/p>\n<p style=\"text-align: justify;\">&#8211; \u201e\u010cesk\u00e9 zem\u011b a tradice n\u00e1bo\u017eensk\u00fdch men\u0161in\u201c, in: Harald Christian Scheu \u2013 Jakub K\u0159\u00ed\u017e \u2013 Kate\u0159ina D\u011bkanovsk\u00e1 (ed.): Pr\u00e1vn\u00ed postaven\u00ed n\u00e1bo\u017eensk\u00fdch men\u0161in, Praha, Univerzita Karlova Pr\u00e1vnick\u00e1 fakulta 2013, s. 26-33<\/p>\n<p style=\"text-align: justify;\">&#8211; \u201eTradice tzv. n\u00e1rodnostn\u00edho statutu a \u00fastavn\u00ed z\u00e1kon \u010d. 144\/1968 Sb. o postaven\u00ed n\u00e1rodnost\u00ed\u201c, \u010clovek a spolo\u010dnos\u0165 16, 2013, \u010d. 4 (internetov\u00fd recenzovan\u00fd \u010dasopis Slovensk\u00e9 akad\u00e9mie vied www.saske.sk\/cas)<\/p>\n<p style=\"text-align: justify;\">&#8211; \u201ePr\u00e1vn\u00ed syst\u00e9m \u010cSSR, men\u0161iny a experimenty s\u00a0pr\u00e1vem v\u00a0\u0161edes\u00e1t\u00fdch letech\u201c, (spoluautor Jan Kukl\u00edk), \u010clovek a spolo\u010dnos\u0165 16, 2013, \u010d. 4 (internetov\u00fd recenzovan\u00fd \u010dasopis Slovensk\u00e9 akad\u00e9mie vied www.saske.sk\/cas)<\/p>\n<p style=\"text-align: justify;\">&#8211; \u201eMezin\u00e1rodn\u011bpr\u00e1vn\u00ed postaven\u00ed men\u0161in a Pa\u0159\u00ed\u017esk\u00e1 m\u00edrov\u00e1 konference v roce 1946\u201c, in: Jozef Klimko \u2013 Slavom\u00edr Mich\u00e1lek a kol., Mierov\u00e9 zmluvy v\u00a0kontexte geopolitiky 20. a 21. storo\u010dia, Bratislava, Paneur\u00f3pska vysok\u00e1 \u0161kola a Historick\u00fd \u00fastav SAV 2013, s. 244-253<\/p>\n<p style=\"text-align: justify;\">&#8211; \u201eN\u00e1bo\u017eensk\u00e9 men\u0161iny v\u00a0\u010desk\u00e9 minulosti\u201c, Acta Universitatis Carolinae \u2013 Iuridica \u010d. 1, 2013 (vy\u0161lo 2014), s. 205-213<\/p>\n<p style=\"text-align: justify;\">&#8211; \u201eZ\u00e1nik mezin\u00e1rodn\u011bpr\u00e1vn\u00ed ochrany men\u0161in z\u00a0\u00e9ry Spole\u010dnosti n\u00e1rod\u016f a Pa\u0159\u00ed\u017esk\u00e1 m\u00edrov\u00e1 konference 1946-1947\u201c, Acta Universitatis Carolinae \u2013 Iuridica \u010d. 1, 2013 (vy\u0161lo 2014), s. 267-275<\/p>\n<p style=\"text-align: justify;\">&#8211; \u201eMezin\u00e1rodn\u011bpr\u00e1vn\u00ed ochrana men\u0161in v meziv\u00e1le\u010dn\u00e9 \u00e9\u0159e a jej\u00ed v\u00fdznam pro N\u011bmce v\u00a0\u010ceskoslovensku (p\u0159edev\u0161\u00edm na Vyso\u010din\u011b)\u201c, in: \u010ce\u0161i a N\u011bmci na Vyso\u010din\u011b \/ Tschechen und Deutsche in der Vyso\u010dina, Havl\u00ed\u010dk\u016fv Brod, Muzeum Vyso\u010diny 2014, s. 161-175; \u201eDer international-rechtliche Schutz von Minderheiten in der Zwischenkriegs\u00e4ra und seine Bedeutung f\u00fcr die Deutschen in der Tschechoslowakei (vor allem im Gebiet der Vyso\u010dina), in: Tschechen und Deutsche in der Vyso\u010dina, Havl\u00ed\u010dk\u016fv Brod, Muzeum Vyso\u010diny 2014, s. 181-175 (elektronick\u00e1 n\u011bmeck\u00e1 verze)<\/p>\n<p style=\"text-align: justify;\">&#8211; \u201eRevolu\u010dn\u00ed n\u00e1rodn\u00ed shrom\u00e1\u017ed\u011bn\u00ed v\u00a0\u010ceskoslovensku 1918-1920 \u2013 sporn\u00e9 pr\u00e1vn\u00ed aspekty\u201c, in: 150 let modern\u00edho parlamentarismu ve St\u0159edn\u00ed Evrop\u011b, Praha (u redaktor\u016f)<\/p>\n<p style=\"text-align: justify;\">&#8211; \u201eThe Revolutionary National Assembly in Czechoslovakia 1918-1920 \u2013 contentious issues\u201c, in: 150 years of modern parliamentarism in Middle Europe, Wien, \u00d6sterreichische Akademie der Wissenschaften (po korektur\u00e1ch)<\/p>\n<p style=\"text-align: justify;\">&#8211; \u201eSyst\u00e9m pr\u00e1vn\u00ed \u00fapravy postaven\u00ed men\u0161in v\u00a0\u010cSR\u201c, in: Jarom\u00edr Tauchen \u2013 Karel Schelle (ed.): \u010ce\u0161i a N\u011bmci v\u00a0meziv\u00e1le\u010dn\u00e9m \u010ceskoslovensku, Ostrava, Key Publishing 2013, s. 225-236<\/p>\n<p style=\"text-align: justify;\">&#8211; \u201cThe German Minority in Czechoslovakia under Observation of State Security\u201d, in: Mathias Beer (ed): Germans under Observation in the Cold War, T\u00fcbingen<\/p>\n<p style=\"text-align: justify;\">&#8211; \u201e\u00dastavn\u00ed a st\u00e1topr\u00e1vn\u00ed uspo\u0159\u00e1d\u00e1n\u00ed \u010cSSR a pr\u00e1va men\u0161in\u201c, (spoluautor Jan Kukl\u00edk), N\u00e1rodnostn\u00e1 politika v\u00a0\u010ceskoslovensku v\u00a0\u0161es\u0165desiatych rokoch 20. storo\u010dia, Ko\u0161ice (u redaktor\u016f)<\/p>\n<p style=\"text-align: justify;\">&#8211; \u201e\u00dastavn\u00ed z\u00e1kon \u010d. 144\/1968 Sb. o postaven\u00ed n\u00e1rodnost\u00ed jako mezn\u00edk pr\u00e1vn\u00edho \u0159e\u0161en\u00ed postaven\u00ed men\u0161in\u201c, in: N\u00e1rodnostn\u00e1 politika v\u00a0\u010ceskoslovensku v\u00a0\u0161es\u0165desiatych rokoch 20. storo\u010dia, Ko\u0161ice (u redaktor\u016f)<\/p>\n<p style=\"text-align: justify;\">&#8211; \u201eThe End of the International Protection of Minorities under the Auspices of the League of Nations\u201c, in: Czechoslovakia and the Other Occupied Nations in London: The Story of the Exile Revisited after Seventy Years (u redaktor\u016f)<\/p>\n<p style=\"text-align: justify;\">&#8211; \u201eUzn\u00e1v\u00e1n\u00ed st\u00e1t\u016f po prvn\u00ed sv\u011btov\u00e9 v\u00e1lce a vytvo\u0159en\u00ed mezin\u00e1rodn\u011bpr\u00e1vn\u00ed ochrany men\u0161in v\u00a0r\u00e1mci Spole\u010dnosti n\u00e1rod\u016f\u201c, in: Vznik \u0161t\u00e1tu a ochrana men\u0161\u00edn, Trnava (u redaktor\u016f)<\/p>\n<p style=\"text-align: justify;\">&#8211; \u201ePr\u00e1va men\u0161in a uzn\u00e1v\u00e1n\u00ed exilov\u00fdch vl\u00e1d za druh\u00e9 sv\u011btov\u00e9 v\u00e1lky\u201c (Jan Kukl\u00edk \u2013 Ren\u00e9 Petr\u00e1\u0161), in: Vznik \u0161t\u00e1tu a ochrana men\u0161\u00edn, Trnava (u redaktor\u016f)<\/p>\n<p style=\"text-align: justify;\">&#8211; \u201eJosef Kliment\u201c, \u201eKarel La\u0161tovka\u201c, \u201eHeinrich Rauchberg\u201c, \u201eEmil Stodola\u201c, in: Encyklopedie \u010desk\u00fdch pr\u00e1vn\u00edch d\u011bjin, Brno, Masarykova univerzita, s. 116-118, 142-144, 192-194, 226-228 (v tisku)<\/p>\n","protected":false},"excerpt":{"rendered":"<p>JUDr. PhDr. Ren\u00e9 Petr\u00e1\u0161, Ph.D. (narozen 1974) od roku 2000 p\u016fsob\u00ed na \u00dastavu pr\u00e1vn\u00edch d\u011bjin Pr\u00e1vnick\u00e9 fakulty Univerzity Karlovy. Absolvoval<\/p>\n","protected":false},"author":1,"featured_media":0,"parent":15,"menu_order":0,"comment_status":"closed","ping_status":"closed","template":"","meta":{"footnotes":""},"class_list":["post-134","page","type-page","status-publish","hentry"],"_links":{"self":[{"href":"https:\/\/naki.prf.cuni.cz\/index.php?rest_route=\/wp\/v2\/pages\/134","targetHints":{"allow":["GET"]}}],"collection":[{"href":"https:\/\/naki.prf.cuni.cz\/index.php?rest_route=\/wp\/v2\/pages"}],"about":[{"href":"https:\/\/naki.prf.cuni.cz\/index.php?rest_route=\/wp\/v2\/types\/page"}],"author":[{"embeddable":true,"href":"https:\/\/naki.prf.cuni.cz\/index.php?rest_route=\/wp\/v2\/users\/1"}],"replies":[{"embeddable":true,"href":"https:\/\/naki.prf.cuni.cz\/index.php?rest_route=%2Fwp%2Fv2%2Fcomments&post=134"}],"version-history":[{"count":1,"href":"https:\/\/naki.prf.cuni.cz\/index.php?rest_route=\/wp\/v2\/pages\/134\/revisions"}],"predecessor-version":[{"id":135,"href":"https:\/\/naki.prf.cuni.cz\/index.php?rest_route=\/wp\/v2\/pages\/134\/revisions\/135"}],"up":[{"embeddable":true,"href":"https:\/\/naki.prf.cuni.cz\/index.php?rest_route=\/wp\/v2\/pages\/15"}],"wp:attachment":[{"href":"https:\/\/naki.prf.cuni.cz\/index.php?rest_route=%2Fwp%2Fv2%2Fmedia&parent=134"}],"curies":[{"name":"wp","href":"https:\/\/api.w.org\/{rel}","templated":true}]}}