{"id":12,"date":"2015-10-21T09:34:31","date_gmt":"2015-10-21T09:34:31","guid":{"rendered":"http:\/\/naki.prf.cuni.cz\/?page_id=12"},"modified":"2024-02-04T02:20:20","modified_gmt":"2024-02-04T01:20:20","slug":"kontakt","status":"publish","type":"page","link":"https:\/\/naki.prf.cuni.cz\/?page_id=12","title":{"rendered":"Kontakt"},"content":{"rendered":"<p><strong>Hlavn\u00ed pracovi\u0161t\u011b<\/strong>:<br \/>\nKatedra pr\u00e1vn\u00edch d\u011bjin<br \/>\nSekretari\u00e1t: +420 221 005 417<br \/>\nTajemn\u00edk projektu: JUDr. PhDr. Ren\u00e9 Petr\u00e1\u0161, Ph.D. <a href=\"mailto:petras@prf.cuni.cz\">petras@prf.cuni.cz<\/a><\/p>\n<p><strong>Adresa<\/strong>:<br \/>\nUniverzita Karlova, Pr\u00e1vnick\u00e1 fakulta<br \/>\nn\u00e1m. Curieov\u00fdch 901\/7<br \/>\n116 40 Praha 1<\/p>\n<p><strong>I\u010cO:\u00a0<\/strong>00216208<\/p>\n<p><strong>DI\u010c:\u00a0<\/strong>CZ00216208<\/p>\n<p><strong>Telefon:\u00a0<\/strong>+420 221 005 111<\/p>\n<p><strong>Mapa:<\/strong><\/p>\n<p><iframe loading=\"lazy\" src=\"https:\/\/maps.google.com\/maps?ie=UTF8&amp;cid=16936502137550477283&amp;q=Pr%C3%A1vnick%C3%A1+fakulta+UK&amp;gl=CZ&amp;hl=cs&amp;hq=Pr%C3%A1vnick%C3%A1+fakulta+UK&amp;hnear=&amp;t=m&amp;brcurrent=5,0,0&amp;ll=50.091705,14.417603&amp;spn=0.002409,0.005633&amp;z=17&amp;output=embed\" width=\"525\" height=\"350\" frameborder=\"0\" marginwidth=\"0\" marginheight=\"0\" scrolling=\"no\"><\/iframe><br \/>\n<small><a style=\"color: #0000ff; text-align: left;\" href=\"https:\/\/maps.google.com\/maps?ie=UTF8&amp;cid=16936502137550477283&amp;q=Pr%C3%A1vnick%C3%A1+fakulta+UK&amp;gl=CZ&amp;hl=cs&amp;hq=Pr%C3%A1vnick%C3%A1+fakulta+UK&amp;hnear=&amp;t=m&amp;brcurrent=5,0,0&amp;ll=50.091705,14.417603&amp;spn=0.002409,0.005633&amp;z=17&amp;source=embed\">Zv\u011bt\u0161it mapu<\/a><\/small><\/p>\n","protected":false},"excerpt":{"rendered":"<p>Hlavn\u00ed pracovi\u0161t\u011b: Katedra pr\u00e1vn\u00edch d\u011bjin Sekretari\u00e1t: +420 221 005 417 Tajemn\u00edk projektu: JUDr. PhDr. Ren\u00e9 Petr\u00e1\u0161, Ph.D. petras@prf.cuni.cz Adresa: Univerzita<\/p>\n","protected":false},"author":1,"featured_media":0,"parent":0,"menu_order":0,"comment_status":"closed","ping_status":"closed","template":"","meta":{"footnotes":""},"class_list":["post-12","page","type-page","status-publish","hentry"],"_links":{"self":[{"href":"https:\/\/naki.prf.cuni.cz\/index.php?rest_route=\/wp\/v2\/pages\/12","targetHints":{"allow":["GET"]}}],"collection":[{"href":"https:\/\/naki.prf.cuni.cz\/index.php?rest_route=\/wp\/v2\/pages"}],"about":[{"href":"https:\/\/naki.prf.cuni.cz\/index.php?rest_route=\/wp\/v2\/types\/page"}],"author":[{"embeddable":true,"href":"https:\/\/naki.prf.cuni.cz\/index.php?rest_route=\/wp\/v2\/users\/1"}],"replies":[{"embeddable":true,"href":"https:\/\/naki.prf.cuni.cz\/index.php?rest_route=%2Fwp%2Fv2%2Fcomments&post=12"}],"version-history":[{"count":5,"href":"https:\/\/naki.prf.cuni.cz\/index.php?rest_route=\/wp\/v2\/pages\/12\/revisions"}],"predecessor-version":[{"id":394,"href":"https:\/\/naki.prf.cuni.cz\/index.php?rest_route=\/wp\/v2\/pages\/12\/revisions\/394"}],"wp:attachment":[{"href":"https:\/\/naki.prf.cuni.cz\/index.php?rest_route=%2Fwp%2Fv2%2Fmedia&parent=12"}],"curies":[{"name":"wp","href":"https:\/\/api.w.org\/{rel}","templated":true}]}}